{"id":6,"date":"2021-10-28T05:01:06","date_gmt":"2021-10-28T05:01:06","guid":{"rendered":"https:\/\/restaurator-benkenstein.de\/?page_id=6"},"modified":"2021-10-28T05:26:04","modified_gmt":"2021-10-28T05:26:04","slug":"gestalten-sie-ihre-website-mit-bloecken","status":"publish","type":"page","link":"https:\/\/restaurator-benkenstein.de\/","title":{"rendered":"Gepr\u00fcfter Restaurator im Handwerk"},"content":{"rendered":"\r\n<h2 class=\"alignwide has-text-align-wide has-gigantic-font-size wp-block-heading\" style=\"line-height: 1.1;\">Wir restaurieren Ihre Objekte<\/h2>\r\n\r\n<p>Die Restaurierung Ihres alten Objektes sollte f\u00fcr Sie nicht mit unkalkulierbaren Kosten verbunden sein. Daher nenne ich Ihnen so weit m\u00f6glich einen Festpreis f\u00fcr das mit Ihnen abgesprochene Restaurierungskonzept. \u00c4nderungen oder Erg\u00e4nzungen erfolgen nach vorheriger Absprache und erneuter Kalkulation.<\/p>\r\n<p>Eine Erstberatung im Rahmen eines Restaurierungauftrages ist kostenlos. Ich komme auch zu Ihnen ins Haus und erstelle f\u00fcr Sie ein kosteng\u00fcnstiges Angebot.<\/p>\r\n<p>Gemeinsam erstellen wir den Zeitplan f\u00fcr die restauratorischen Ma\u00dfnahmen.<\/p>\r\n<p>\u2022 Restaurierung und Konservierung von M\u00f6beln und Holzobjekten aller Epochen mit gefassten oder veredelten Oberfl\u00e4chen.\u2028<br \/>\u2022 Rekonstruktionen und Erg\u00e4nzungen verlorengegangener M\u00f6belteile und Applikationen.<br \/>\u2022 Beratung bei Ankauf, Erhaltung und Pflege von Antiquit\u00e4ten<\/p>\r\n<p><br \/>Ich restauriere ihr M\u00f6bel in der eigenen Werkstatt in Passau. Kleinere Sch\u00e4den an gr\u00f6\u00dferen M\u00f6belst\u00fccken restauriere ich auch direkt bei Ihnen vor Ort.<\/p>\r\n<p>Auf Wunsch dokumentiere ich Ihnen die Restaurierung Ihres Objektes in Wort und Bild.<\/p>","protected":false},"excerpt":{"rendered":"<p>Wir restaurieren Ihre Objekte Die Restaurierung Ihres alten Objektes sollte f\u00fcr Sie nicht mit unkalkulierbaren Kosten verbunden sein. Daher nenne ich Ihnen so weit m\u00f6glich einen Festpreis f\u00fcr das mit Ihnen abgesprochene Restaurierungskonzept. \u00c4nderungen oder Erg\u00e4nzungen erfolgen nach vorheriger Absprache und erneuter Kalkulation. Eine Erstberatung im Rahmen eines Restaurierungauftrages ist kostenlos. Ich komme auch zu&hellip; <a class=\"more-link\" href=\"https:\/\/restaurator-benkenstein.de\/\"><span class=\"screen-reader-text\">Gepr\u00fcfter Restaurator im Handwerk<\/span> weiterlesen<\/a><\/p>\n","protected":false},"author":1,"featured_media":0,"parent":0,"menu_order":0,"comment_status":"closed","ping_status":"closed","template":"","meta":{"footnotes":""},"class_list":["post-6","page","type-page","status-publish","hentry","entry"],"_links":{"self":[{"href":"https:\/\/restaurator-benkenstein.de\/index.php\/wp-json\/wp\/v2\/pages\/6","targetHints":{"allow":["GET"]}}],"collection":[{"href":"https:\/\/restaurator-benkenstein.de\/index.php\/wp-json\/wp\/v2\/pages"}],"about":[{"href":"https:\/\/restaurator-benkenstein.de\/index.php\/wp-json\/wp\/v2\/types\/page"}],"author":[{"embeddable":true,"href":"https:\/\/restaurator-benkenstein.de\/index.php\/wp-json\/wp\/v2\/users\/1"}],"replies":[{"embeddable":true,"href":"https:\/\/restaurator-benkenstein.de\/index.php\/wp-json\/wp\/v2\/comments?post=6"}],"version-history":[{"count":9,"href":"https:\/\/restaurator-benkenstein.de\/index.php\/wp-json\/wp\/v2\/pages\/6\/revisions"}],"predecessor-version":[{"id":45,"href":"https:\/\/restaurator-benkenstein.de\/index.php\/wp-json\/wp\/v2\/pages\/6\/revisions\/45"}],"wp:attachment":[{"href":"https:\/\/restaurator-benkenstein.de\/index.php\/wp-json\/wp\/v2\/media?parent=6"}],"curies":[{"name":"wp","href":"https:\/\/api.w.org\/{rel}","templated":true}]}}